{"id":1120,"date":"2022-08-28T13:18:52","date_gmt":"2022-08-28T13:18:52","guid":{"rendered":"https:\/\/new3.farm21.com\/product\/hoodie-with-logo\/"},"modified":"2026-03-02T12:20:20","modified_gmt":"2026-03-02T12:20:20","slug":"fs31-field-sensor","status":"publish","type":"product","link":"https:\/\/www.farm21.com\/pt\/produto\/fs21-moistura-do-solo\/","title":{"rendered":"FS31 sensor de humidade do solo, temperatura do solo\/ar, humidade do ar (NB-IoT\/LTE-M\/2G)"},"content":{"rendered":"<p>O Sensor de Campo FS31 \u00e9 uma micro-esta\u00e7\u00e3o meteorol\u00f3gica de campo compacta e acess\u00edvel, concebida para agricultores, consultores de culturas e investigadores que pretendem uma vis\u00e3o fi\u00e1vel e em tempo real das condi\u00e7\u00f5es do solo e do clima. Combina um poderoso m\u00f3dulo de envio com uma sonda de solo de v\u00e1rias profundidades para fornecer dados de alta qualidade diretamente na plataforma de agricultura de precis\u00e3o Farm21.<\/p>\n<p>O FS31 \u00e9 composto por duas partes principais:<\/p>\n<p>M\u00f3dulo de envio FS31<br \/>\nO m\u00f3dulo de envio \u00e9 respons\u00e1vel pela transmiss\u00e3o de dados sem fios e pelo controlo do sistema.<\/p>\n<ul>\n<li>Conectividade sem fios atrav\u00e9s de NB-IoT e LTE-M, com fallback 2G autom\u00e1tico<\/li>\n<li>Cart\u00e3o SIM inclu\u00eddo<\/li>\n<li>Apoiado em mais de 140 pa\u00edses<\/li>\n<li>Medi\u00e7\u00e3o da temperatura do ar a 10 cm acima do n\u00edvel do solo<\/li>\n<li>Medi\u00e7\u00e3o da humidade do ar a 10 cm acima do n\u00edvel do solo<\/li>\n<li>Bateria recarreg\u00e1vel<\/li>\n<li>Design de baixo consumo de energia: at\u00e9 1 ano de dura\u00e7\u00e3o da bateria com medi\u00e7\u00f5es hor\u00e1rias e intervalos de envio predefinidos<\/li>\n<li>USB-C recarreg\u00e1vel<\/li>\n<li>Conector modular para suportar futuras extens\u00f5es (como carregamento solar ou m\u00f3dulos de medi\u00e7\u00e3o adicionais)<\/li>\n<li>Configura\u00e7\u00e3o remota dos intervalos de medi\u00e7\u00e3o e envio de dados atrav\u00e9s do painel de controle do Farm21<\/li>\n<\/ul>\n<p>Sonda de humidade do solo e temperatura do solo de v\u00e1rias profundidades (inclu\u00edda)<br \/>\nA sonda inclu\u00edda mede as condi\u00e7\u00f5es do solo a v\u00e1rias profundidades com elevada precis\u00e3o:<\/p>\n<ul>\n<li>Dete\u00e7\u00e3o capacitiva da humidade do solo em:\n<ul>\n<li>0-10 cm<\/li>\n<li>10-20 cm<\/li>\n<li>20-30 cm<\/li>\n<\/ul>\n<\/li>\n<li>Curvas de calibra\u00e7\u00e3o altamente precisas para diferentes tipos de solo<\/li>\n<li>Medi\u00e7\u00e3o da temperatura do solo em:\n<ul>\n<li>-10 cm<\/li>\n<li>-20 cm<\/li>\n<\/ul>\n<\/li>\n<\/ul>\n<p>Plataforma e licen\u00e7a<br \/>\nO FS31 requer a plataforma de agricultura de precis\u00e3o Farm21 para funcionar.<\/p>\n<p>O custo anual da licen\u00e7a \u00e9 de <strong>89 euros por sensor<\/strong>, que inclui:<\/p>\n<ul>\n<li>Conectividade m\u00f3vel (SIM inclu\u00eddo)<\/li>\n<li>Armazenamento seguro de dados<\/li>\n<li>Acesso \u00e0 plataforma Farm21<\/li>\n<li>Imagens de sat\u00e9lite gratuitas<\/li>\n<li>Ferramentas de prospe\u00e7\u00e3o de campo<\/li>\n<li>Dados meteorol\u00f3gicos p\u00fablicos<\/li>\n<li>Configura\u00e7\u00e3o e suporte remotos<\/li>\n<\/ul>\n<p>Ao combinar dados de sensores, imagens de sat\u00e9lite e informa\u00e7\u00f5es meteorol\u00f3gicas numa \u00fanica plataforma, o FS31 fornece uma base poderosa para a otimiza\u00e7\u00e3o da rega e gest\u00e3o de precis\u00e3o das culturas.<\/p>","protected":false},"excerpt":{"rendered":"<div class=\"flex flex-col text-sm pb-25\">\n<article class=\"text-token-text-primary w-full focus:outline-none [--shadow-height:45px] has-data-writing-block:pointer-events-none has-data-writing-block:-mt-(--shadow-height) has-data-writing-block:pt-(--shadow-height) [&amp;:has([data-writing-block])&gt;*]:pointer-events-auto scroll-mt-[calc(var(--header-height)+min(200px,max(70px,20svh)))]\" dir=\"auto\" tabindex=\"-1\" data-turn-id=\"request-68665909-8d28-8000-9dc6-6c012a2760a9-6\" data-testid=\"conversation-turn-422\" data-scroll-anchor=\"true\" data-turn=\"assistant\">\n<div class=\"text-base my-auto mx-auto pb-10 [--thread-content-margin:--spacing(4)] @w-sm\/main:[--thread-content-margin:--spacing(6)] @w-lg\/main:[--thread-content-margin:--spacing(16)] px-(--thread-content-margin)\">\n<div class=\"[--thread-content-max-width:40rem] @w-lg\/main:[--thread-content-max-width:48rem] mx-auto max-w-(--thread-content-max-width) flex-1 group\/turn-messages focus-visible:outline-hidden relative flex w-full min-w-0 flex-col agent-turn\" tabindex=\"-1\">\n<div class=\"flex max-w-full flex-col grow\">\n<div class=\"min-h-8 text-message relative flex w-full flex-col items-end gap-2 text-start break-words whitespace-normal [.text-message+&amp;]:mt-1\" dir=\"auto\" data-message-author-role=\"assistant\" data-message-id=\"7672c41d-835c-4294-9440-ebe65297b194\" data-message-model-slug=\"gpt-5-2\">\n<div class=\"flex w-full flex-col gap-1 empty:hidden first:pt-[1px]\">\n<div class=\"markdown prose dark:prose-invert w-full break-words dark markdown-new-styling\">\n<p>O FS31 \u00e9 um sensor de campo tudo-em-um que mede a humidade e a temperatura do solo a v\u00e1rias profundidades, bem como a temperatura e a humidade do ar. Transmite dados sem fios atrav\u00e9s de NB-IoT, LTE-M e 2G fallback, com SIM inclu\u00eddo, e pode ser configurado remotamente atrav\u00e9s da plataforma Farm21.<\/p>\n<p>O sensor inclui uma sonda de solo de v\u00e1rias profundidades (0-10, 10-20 e 20-30 cm para a humidade, e -10 e -20 cm para a temperatura) e utiliza curvas de calibra\u00e7\u00e3o espec\u00edficas do solo altamente precisas.<\/p>\n<p>O FS31 requer a plataforma de agricultura de precis\u00e3o Farm21 para funcionar. A licen\u00e7a anual custa 89 euros por sensor, incluindo conetividade, acesso \u00e0 plataforma, imagens de sat\u00e9lite, ferramentas de prospe\u00e7\u00e3o e dados meteorol\u00f3gicos.<\/p>\n<\/div>\n<\/div>\n<\/div>\n<\/div>\n<\/div>\n<\/div>\n<\/article>\n<\/div>","protected":false},"featured_media":7364,"template":"","meta":{"content-type":"","inline_featured_image":false,"_kad_blocks_custom_css":"","_kad_blocks_head_custom_js":"","_kad_blocks_body_custom_js":"","_kad_blocks_footer_custom_js":"","_kadence_starter_templates_imported_post":false,"_kad_post_transparent":"default","_kad_post_title":"","_kad_post_layout":"default","_kad_post_sidebar_id":"","_kad_post_content_style":"default","_kad_post_vertical_padding":"default","_kad_post_feature":"","_kad_post_feature_position":"","_kad_post_header":false,"_kad_post_footer":false,"_kad_post_classname":""},"product_brand":[],"product_cat":[33,25],"product_tag":[29,28,26,27],"class_list":{"0":"post-1120","1":"product","2":"type-product","3":"status-publish","4":"has-post-thumbnail","6":"product_cat-installation-tool","7":"product_cat-sensors","8":"product_tag-air-humidity","9":"product_tag-air-temperature","10":"product_tag-soil-moisture","11":"product_tag-soil-temperature","13":"first","14":"outofstock","15":"featured","16":"taxable","17":"shipping-taxable","18":"purchasable","19":"product-type-simple","20":"entry","21":"content-bg","22":"loop-entry"},"taxonomy_info":{"product_cat":[{"value":33,"label":"Installation tool"},{"value":25,"label":"Sensors"}],"product_tag":[{"value":29,"label":"air humidity"},{"value":28,"label":"air temperature"},{"value":26,"label":"soil moisture"},{"value":27,"label":"soil temperature"}]},"featured_image_src_large":["https:\/\/www.farm21.com\/wp-content\/uploads\/2022\/08\/FS31-stand-alone_bg-412x1024.jpg",412,1024,true],"author_info":[],"comment_info":"","jetpack_sharing_enabled":true,"acf":[],"_links":{"self":[{"href":"https:\/\/www.farm21.com\/pt\/wp-json\/wp\/v2\/product\/1120","targetHints":{"allow":["GET"]}}],"collection":[{"href":"https:\/\/www.farm21.com\/pt\/wp-json\/wp\/v2\/product"}],"about":[{"href":"https:\/\/www.farm21.com\/pt\/wp-json\/wp\/v2\/types\/product"}],"wp:featuredmedia":[{"embeddable":true,"href":"https:\/\/www.farm21.com\/pt\/wp-json\/wp\/v2\/media\/7364"}],"wp:attachment":[{"href":"https:\/\/www.farm21.com\/pt\/wp-json\/wp\/v2\/media?parent=1120"}],"wp:term":[{"taxonomy":"product_brand","embeddable":true,"href":"https:\/\/www.farm21.com\/pt\/wp-json\/wp\/v2\/product_brand?post=1120"},{"taxonomy":"product_cat","embeddable":true,"href":"https:\/\/www.farm21.com\/pt\/wp-json\/wp\/v2\/product_cat?post=1120"},{"taxonomy":"product_tag","embeddable":true,"href":"https:\/\/www.farm21.com\/pt\/wp-json\/wp\/v2\/product_tag?post=1120"}],"curies":[{"name":"wp","href":"https:\/\/api.w.org\/{rel}","templated":true}]}}