{"id":1120,"date":"2022-08-28T13:18:52","date_gmt":"2022-08-28T13:18:52","guid":{"rendered":"https:\/\/new3.farm21.com\/product\/hoodie-with-logo\/"},"modified":"2026-03-02T12:20:20","modified_gmt":"2026-03-02T12:20:20","slug":"fs31-field-sensor","status":"publish","type":"product","link":"https:\/\/www.farm21.com\/it\/prodotto\/fs21-umidita-del-suolo\/","title":{"rendered":"FS31 sensore di umidit\u00e0 del suolo, temperatura del suolo\/aria, umidit\u00e0 dell'aria (NB-IoT\/LTE-M\/2G)"},"content":{"rendered":"<p>Il sensore da campo FS31 \u00e8 una micro-stazione meteorologica da campo compatta e conveniente, progettata per coltivatori, consulenti e ricercatori che desiderano avere informazioni affidabili e in tempo reale sulle condizioni del suolo e del clima. Combina un potente modulo di invio con una sonda del terreno multi-profondit\u00e0 per fornire dati di alta qualit\u00e0 direttamente alla piattaforma di agricoltura di precisione Farm21.<\/p>\n<p>L'FS31 \u00e8 composto da due parti principali:<\/p>\n<p>Modulo di invio FS31<br \/>\nIl modulo di invio \u00e8 responsabile della trasmissione dati wireless e del controllo del sistema.<\/p>\n<ul>\n<li>Connettivit\u00e0 wireless tramite NB-IoT e LTE-M, con fallback 2G automatico<\/li>\n<li>Scheda SIM inclusa<\/li>\n<li>Supportato in oltre 140 paesi<\/li>\n<li>Misurazione della temperatura dell'aria a 10 cm dal livello del suolo<\/li>\n<li>Misurazione dell'umidit\u00e0 dell'aria a 10 cm dal livello del suolo<\/li>\n<li>Batteria ricaricabile<\/li>\n<li>Design a basso consumo energetico: fino a 1 anno di durata della batteria con misurazioni orarie e intervalli di invio predefiniti<\/li>\n<li>Ricaricabile via USB-C<\/li>\n<li>Connettore modulare per supportare estensioni future (come la ricarica solare o moduli di misurazione aggiuntivi)<\/li>\n<li>Configurazione remota degli intervalli di misurazione e di invio dei dati attraverso il cruscotto Farm21<\/li>\n<\/ul>\n<p>Sonda di umidit\u00e0 e temperatura del suolo multiprofondit\u00e0 (inclusa)<br \/>\nLa sonda inclusa misura le condizioni del terreno a diverse profondit\u00e0 con un'elevata precisione:<\/p>\n<ul>\n<li>Rilevamento capacitivo dell'umidit\u00e0 del suolo a:\n<ul>\n<li>0-10 cm<\/li>\n<li>10-20 cm<\/li>\n<li>20-30 cm<\/li>\n<\/ul>\n<\/li>\n<li>Curve di calibrazione altamente accurate per diversi tipi di terreno<\/li>\n<li>Misurazione della temperatura del suolo a:\n<ul>\n<li>-10 cm<\/li>\n<li>-20 cm<\/li>\n<\/ul>\n<\/li>\n<\/ul>\n<p>Piattaforma e licenza<br \/>\nL'FS31 richiede la piattaforma di agricoltura di precisione Farm21 per funzionare.<\/p>\n<p>Il costo della licenza annuale \u00e8 <strong>89\u20ac per sensore<\/strong>, che include:<\/p>\n<ul>\n<li>Connettivit\u00e0 mobile (SIM inclusa)<\/li>\n<li>Archiviazione sicura dei dati<\/li>\n<li>Accesso alla piattaforma Farm21<\/li>\n<li>Immagini satellitari gratuite<\/li>\n<li>Strumenti di field scouting<\/li>\n<li>Dati meteo pubblici<\/li>\n<li>Configurazione e assistenza in remoto<\/li>\n<\/ul>\n<p>Combinando i dati dei sensori, le immagini satellitari e le informazioni meteorologiche in un'unica piattaforma, l'FS31 fornisce una potente base per l'ottimizzazione dell'irrigazione e la gestione di precisione delle colture.<\/p>","protected":false},"excerpt":{"rendered":"<div class=\"flex flex-col text-sm pb-25\">\n<article class=\"text-token-text-primary w-full focus:outline-none [--shadow-height:45px] has-data-writing-block:pointer-events-none has-data-writing-block:-mt-(--shadow-height) has-data-writing-block:pt-(--shadow-height) [&amp;:has([data-writing-block])&gt;*]:pointer-events-auto scroll-mt-[calc(var(--header-height)+min(200px,max(70px,20svh)))]\" dir=\"auto\" tabindex=\"-1\" data-turn-id=\"request-68665909-8d28-8000-9dc6-6c012a2760a9-6\" data-testid=\"conversation-turn-422\" data-scroll-anchor=\"true\" data-turn=\"assistant\">\n<div class=\"text-base my-auto mx-auto pb-10 [--thread-content-margin:--spacing(4)] @w-sm\/main:[--thread-content-margin:--spacing(6)] @w-lg\/main:[--thread-content-margin:--spacing(16)] px-(--thread-content-margin)\">\n<div class=\"[--thread-content-max-width:40rem] @w-lg\/main:[--thread-content-max-width:48rem] mx-auto max-w-(--thread-content-max-width) flex-1 group\/turn-messages focus-visible:outline-hidden relative flex w-full min-w-0 flex-col agent-turn\" tabindex=\"-1\">\n<div class=\"flex max-w-full flex-col grow\">\n<div class=\"min-h-8 text-message relative flex w-full flex-col items-end gap-2 text-start break-words whitespace-normal [.text-message+&amp;]:mt-1\" dir=\"auto\" data-message-author-role=\"assistant\" data-message-id=\"7672c41d-835c-4294-9440-ebe65297b194\" data-message-model-slug=\"gpt-5-2\">\n<div class=\"flex w-full flex-col gap-1 empty:hidden first:pt-[1px]\">\n<div class=\"markdown prose dark:prose-invert w-full break-words dark markdown-new-styling\">\n<p>L'FS31 \u00e8 un sensore da campo all-in-one che misura l'umidit\u00e0 e la temperatura del suolo a diverse profondit\u00e0, nonch\u00e9 la temperatura e l'umidit\u00e0 dell'aria. Trasmette i dati in modalit\u00e0 wireless tramite NB-IoT, LTE-M e fallback 2G, con SIM inclusa, e pu\u00f2 essere configurato in remoto tramite la piattaforma Farm21.<\/p>\n<p>Il sensore include una sonda del terreno a pi\u00f9 profondit\u00e0 (0-10, 10-20 e 20-30 cm per l'umidit\u00e0 e -10 e -20 cm per la temperatura) e utilizza curve di calibrazione specifiche per il terreno molto accurate.<\/p>\n<p>FS31 richiede la piattaforma di agricoltura di precisione Farm21 per funzionare. La licenza annuale costa 89\u20ac per sensore e comprende la connettivit\u00e0, l'accesso alla piattaforma, le immagini satellitari, gli strumenti di scouting e i dati meteo.<\/p>\n<\/div>\n<\/div>\n<\/div>\n<\/div>\n<\/div>\n<\/div>\n<\/article>\n<\/div>","protected":false},"featured_media":7364,"template":"","meta":{"content-type":"","inline_featured_image":false,"_kad_blocks_custom_css":"","_kad_blocks_head_custom_js":"","_kad_blocks_body_custom_js":"","_kad_blocks_footer_custom_js":"","_kadence_starter_templates_imported_post":false,"_kad_post_transparent":"default","_kad_post_title":"","_kad_post_layout":"default","_kad_post_sidebar_id":"","_kad_post_content_style":"default","_kad_post_vertical_padding":"default","_kad_post_feature":"","_kad_post_feature_position":"","_kad_post_header":false,"_kad_post_footer":false,"_kad_post_classname":""},"product_brand":[],"product_cat":[33,25],"product_tag":[29,28,26,27],"class_list":{"0":"post-1120","1":"product","2":"type-product","3":"status-publish","4":"has-post-thumbnail","6":"product_cat-installation-tool","7":"product_cat-sensors","8":"product_tag-air-humidity","9":"product_tag-air-temperature","10":"product_tag-soil-moisture","11":"product_tag-soil-temperature","13":"first","14":"outofstock","15":"featured","16":"taxable","17":"shipping-taxable","18":"purchasable","19":"product-type-simple","20":"entry","21":"content-bg","22":"loop-entry"},"taxonomy_info":{"product_cat":[{"value":33,"label":"Installation tool"},{"value":25,"label":"Sensors"}],"product_tag":[{"value":29,"label":"air humidity"},{"value":28,"label":"air temperature"},{"value":26,"label":"soil moisture"},{"value":27,"label":"soil temperature"}]},"featured_image_src_large":["https:\/\/www.farm21.com\/wp-content\/uploads\/2022\/08\/FS31-stand-alone_bg-412x1024.jpg",412,1024,true],"author_info":[],"comment_info":"","jetpack_sharing_enabled":true,"acf":[],"_links":{"self":[{"href":"https:\/\/www.farm21.com\/it\/wp-json\/wp\/v2\/product\/1120","targetHints":{"allow":["GET"]}}],"collection":[{"href":"https:\/\/www.farm21.com\/it\/wp-json\/wp\/v2\/product"}],"about":[{"href":"https:\/\/www.farm21.com\/it\/wp-json\/wp\/v2\/types\/product"}],"wp:featuredmedia":[{"embeddable":true,"href":"https:\/\/www.farm21.com\/it\/wp-json\/wp\/v2\/media\/7364"}],"wp:attachment":[{"href":"https:\/\/www.farm21.com\/it\/wp-json\/wp\/v2\/media?parent=1120"}],"wp:term":[{"taxonomy":"product_brand","embeddable":true,"href":"https:\/\/www.farm21.com\/it\/wp-json\/wp\/v2\/product_brand?post=1120"},{"taxonomy":"product_cat","embeddable":true,"href":"https:\/\/www.farm21.com\/it\/wp-json\/wp\/v2\/product_cat?post=1120"},{"taxonomy":"product_tag","embeddable":true,"href":"https:\/\/www.farm21.com\/it\/wp-json\/wp\/v2\/product_tag?post=1120"}],"curies":[{"name":"wp","href":"https:\/\/api.w.org\/{rel}","templated":true}]}}