{"id":1120,"date":"2022-08-28T13:18:52","date_gmt":"2022-08-28T13:18:52","guid":{"rendered":"https:\/\/new3.farm21.com\/product\/hoodie-with-logo\/"},"modified":"2026-03-02T12:20:20","modified_gmt":"2026-03-02T12:20:20","slug":"fs31-field-sensor","status":"publish","type":"product","link":"https:\/\/www.farm21.com\/fr\/produit\/fs21-humidite-du-sol\/","title":{"rendered":"FS31 Capteur d'humidit\u00e9 du sol, de temp\u00e9rature du sol\/de l'air, d'humidit\u00e9 de l'air (NB-IoT\/LTE-M\/2G)"},"content":{"rendered":"<p>Le capteur de terrain FS31 est une micro-station m\u00e9t\u00e9orologique compacte et abordable con\u00e7ue pour les cultivateurs, les conseillers agricoles et les chercheurs qui souhaitent avoir un aper\u00e7u fiable et en temps r\u00e9el des conditions du sol et du climat. Il associe un puissant module d'envoi \u00e0 une sonde de sol multi-profondeur pour fournir des donn\u00e9es de haute qualit\u00e9 directement dans la plateforme d'agriculture de pr\u00e9cision Farm21.<\/p>\n<p>Le FS31 se compose de deux parties principales :<\/p>\n<p>Module d'envoi FS31<br \/>\nLe module d'envoi est responsable de la transmission des donn\u00e9es sans fil et du contr\u00f4le du syst\u00e8me.<\/p>\n<ul>\n<li>Connectivit\u00e9 sans fil via NB-IoT et LTE-M, avec repli automatique sur la 2G.<\/li>\n<li>Carte SIM incluse<\/li>\n<li>Soutenu dans plus de 140 pays<\/li>\n<li>Mesure de la temp\u00e9rature de l'air \u00e0 10 cm au-dessus du sol<\/li>\n<li>Mesure de l'humidit\u00e9 de l'air \u00e0 10 cm au-dessus du sol<\/li>\n<li>Batterie rechargeable<\/li>\n<li>Conception \u00e0 faible consommation d'\u00e9nergie : jusqu'\u00e0 1 an d'autonomie de la batterie avec des mesures horaires et des intervalles d'envoi par d\u00e9faut.<\/li>\n<li>USB-C rechargeable<\/li>\n<li>Connecteur modulaire pour prendre en charge les extensions futures (telles que le chargement solaire ou des modules de mesure suppl\u00e9mentaires).<\/li>\n<li>Configuration \u00e0 distance des intervalles de mesure et d'envoi des donn\u00e9es via le tableau de bord Farm21.<\/li>\n<\/ul>\n<p>Sonde d'humidit\u00e9 et de temp\u00e9rature du sol multi-profondeur (incluse)<br \/>\nLa sonde incluse mesure les conditions du sol \u00e0 plusieurs profondeurs avec une grande pr\u00e9cision :<\/p>\n<ul>\n<li>D\u00e9tection capacitive de l'humidit\u00e9 du sol \u00e0 :\n<ul>\n<li>0-10 cm<\/li>\n<li>10-20 cm<\/li>\n<li>20-30 cm<\/li>\n<\/ul>\n<\/li>\n<li>Courbes d'\u00e9talonnage tr\u00e8s pr\u00e9cises pour diff\u00e9rents types de sol.<\/li>\n<li>Mesure de la temp\u00e9rature du sol \u00e0 :\n<ul>\n<li>-10 cm<\/li>\n<li>-20 cm<\/li>\n<\/ul>\n<\/li>\n<\/ul>\n<p>Plateforme et licence<br \/>\nLe FS31 n\u00e9cessite la plateforme d'agriculture de pr\u00e9cision Farm21 pour fonctionner.<\/p>\n<p>Le co\u00fbt annuel de la licence est de <strong>89 \u20ac par capteur<\/strong>, qui comprend<\/p>\n<ul>\n<li>Connectivit\u00e9 mobile (carte SIM incluse)<\/li>\n<li>Stockage s\u00e9curis\u00e9 des donn\u00e9es<\/li>\n<li>Acc\u00e8s \u00e0 la plateforme Farm21<\/li>\n<li>Imagerie satellite gratuite<\/li>\n<li>Outils de rep\u00e9rage sur le terrain<\/li>\n<li>Donn\u00e9es m\u00e9t\u00e9orologiques publiques<\/li>\n<li>Configuration et assistance \u00e0 distance<\/li>\n<\/ul>\n<p>En combinant les donn\u00e9es des capteurs, l'imagerie satellite et les informations m\u00e9t\u00e9orologiques en une seule plateforme, le FS31 constitue une base puissante pour l'optimisation de l'irrigation et la gestion des cultures de pr\u00e9cision.<\/p>","protected":false},"excerpt":{"rendered":"<div class=\"flex flex-col text-sm pb-25\">\n<article class=\"text-token-text-primary w-full focus:outline-none [--shadow-height:45px] has-data-writing-block:pointer-events-none has-data-writing-block:-mt-(--shadow-height) has-data-writing-block:pt-(--shadow-height) [&amp;:has([data-writing-block])&gt;*]:pointer-events-auto scroll-mt-[calc(var(--header-height)+min(200px,max(70px,20svh)))]\" dir=\"auto\" tabindex=\"-1\" data-turn-id=\"request-68665909-8d28-8000-9dc6-6c012a2760a9-6\" data-testid=\"conversation-turn-422\" data-scroll-anchor=\"true\" data-turn=\"assistant\">\n<div class=\"text-base my-auto mx-auto pb-10 [--thread-content-margin:--spacing(4)] @w-sm\/main:[--thread-content-margin:--spacing(6)] @w-lg\/main:[--thread-content-margin:--spacing(16)] px-(--thread-content-margin)\">\n<div class=\"[--thread-content-max-width:40rem] @w-lg\/main:[--thread-content-max-width:48rem] mx-auto max-w-(--thread-content-max-width) flex-1 group\/turn-messages focus-visible:outline-hidden relative flex w-full min-w-0 flex-col agent-turn\" tabindex=\"-1\">\n<div class=\"flex max-w-full flex-col grow\">\n<div class=\"min-h-8 text-message relative flex w-full flex-col items-end gap-2 text-start break-words whitespace-normal [.text-message+&amp;]:mt-1\" dir=\"auto\" data-message-author-role=\"assistant\" data-message-id=\"7672c41d-835c-4294-9440-ebe65297b194\" data-message-model-slug=\"gpt-5-2\">\n<div class=\"flex w-full flex-col gap-1 empty:hidden first:pt-[1px]\">\n<div class=\"markdown prose dark:prose-invert w-full break-words dark markdown-new-styling\">\n<p>Le FS31 est un capteur de terrain tout-en-un qui mesure l'humidit\u00e9 et la temp\u00e9rature du sol \u00e0 plusieurs profondeurs, ainsi que la temp\u00e9rature et l'humidit\u00e9 de l'air. Il transmet les donn\u00e9es sans fil via NB-IoT, LTE-M et repli 2G, avec SIM incluse, et peut \u00eatre configur\u00e9 \u00e0 distance via la plateforme Farm21.<\/p>\n<p>Le capteur comprend une sonde de sol \u00e0 plusieurs profondeurs (0-10, 10-20 et 20-30 cm pour l'humidit\u00e9, et -10 et -20 cm pour la temp\u00e9rature) et utilise des courbes d'\u00e9talonnage tr\u00e8s pr\u00e9cises sp\u00e9cifiques au sol.<\/p>\n<p>Le FS31 n\u00e9cessite la plateforme d'agriculture de pr\u00e9cision Farm21 pour fonctionner. La licence annuelle est de 89 \u20ac par capteur, incluant la connectivit\u00e9, l'acc\u00e8s \u00e0 la plateforme, l'imagerie satellite, les outils de rep\u00e9rage et les donn\u00e9es m\u00e9t\u00e9orologiques.<\/p>\n<\/div>\n<\/div>\n<\/div>\n<\/div>\n<\/div>\n<\/div>\n<\/article>\n<\/div>","protected":false},"featured_media":7364,"template":"","meta":{"content-type":"","inline_featured_image":false,"_kad_blocks_custom_css":"","_kad_blocks_head_custom_js":"","_kad_blocks_body_custom_js":"","_kad_blocks_footer_custom_js":"","_kadence_starter_templates_imported_post":false,"_kad_post_transparent":"default","_kad_post_title":"","_kad_post_layout":"default","_kad_post_sidebar_id":"","_kad_post_content_style":"default","_kad_post_vertical_padding":"default","_kad_post_feature":"","_kad_post_feature_position":"","_kad_post_header":false,"_kad_post_footer":false,"_kad_post_classname":""},"product_brand":[],"product_cat":[33,25],"product_tag":[29,28,26,27],"class_list":{"0":"post-1120","1":"product","2":"type-product","3":"status-publish","4":"has-post-thumbnail","6":"product_cat-installation-tool","7":"product_cat-sensors","8":"product_tag-air-humidity","9":"product_tag-air-temperature","10":"product_tag-soil-moisture","11":"product_tag-soil-temperature","13":"first","14":"outofstock","15":"featured","16":"taxable","17":"shipping-taxable","18":"purchasable","19":"product-type-simple","20":"entry","21":"content-bg","22":"loop-entry"},"taxonomy_info":{"product_cat":[{"value":33,"label":"Installation tool"},{"value":25,"label":"Sensors"}],"product_tag":[{"value":29,"label":"air humidity"},{"value":28,"label":"air temperature"},{"value":26,"label":"soil moisture"},{"value":27,"label":"soil temperature"}]},"featured_image_src_large":["https:\/\/www.farm21.com\/wp-content\/uploads\/2022\/08\/FS31-stand-alone_bg-412x1024.jpg",412,1024,true],"author_info":[],"comment_info":"","jetpack_sharing_enabled":true,"acf":[],"_links":{"self":[{"href":"https:\/\/www.farm21.com\/fr\/wp-json\/wp\/v2\/product\/1120","targetHints":{"allow":["GET"]}}],"collection":[{"href":"https:\/\/www.farm21.com\/fr\/wp-json\/wp\/v2\/product"}],"about":[{"href":"https:\/\/www.farm21.com\/fr\/wp-json\/wp\/v2\/types\/product"}],"wp:featuredmedia":[{"embeddable":true,"href":"https:\/\/www.farm21.com\/fr\/wp-json\/wp\/v2\/media\/7364"}],"wp:attachment":[{"href":"https:\/\/www.farm21.com\/fr\/wp-json\/wp\/v2\/media?parent=1120"}],"wp:term":[{"taxonomy":"product_brand","embeddable":true,"href":"https:\/\/www.farm21.com\/fr\/wp-json\/wp\/v2\/product_brand?post=1120"},{"taxonomy":"product_cat","embeddable":true,"href":"https:\/\/www.farm21.com\/fr\/wp-json\/wp\/v2\/product_cat?post=1120"},{"taxonomy":"product_tag","embeddable":true,"href":"https:\/\/www.farm21.com\/fr\/wp-json\/wp\/v2\/product_tag?post=1120"}],"curies":[{"name":"wp","href":"https:\/\/api.w.org\/{rel}","templated":true}]}}