{"id":1120,"date":"2022-08-28T13:18:52","date_gmt":"2022-08-28T13:18:52","guid":{"rendered":"https:\/\/new3.farm21.com\/product\/hoodie-with-logo\/"},"modified":"2026-03-02T12:20:20","modified_gmt":"2026-03-02T12:20:20","slug":"fs31-field-sensor","status":"publish","type":"product","link":"https:\/\/www.farm21.com\/es\/producto\/fs21-humedad-del-suelo\/","title":{"rendered":"FS31 Sensor de humedad del suelo, temperatura del suelo\/aire y humedad del aire (NB-IoT\/LTE-M\/2G)"},"content":{"rendered":"<p>El Sensor de Campo FS31 es una microestaci\u00f3n meteorol\u00f3gica de campo compacta y asequible, dise\u00f1ada para cultivadores, asesores de cultivos e investigadores que desean una visi\u00f3n fiable y en tiempo real de las condiciones del suelo y el clima. Combina un potente m\u00f3dulo de env\u00edo con una sonda de suelo multiprofundidad para proporcionar datos de alta calidad directamente a la plataforma de agricultura de precisi\u00f3n Farm21.<\/p>\n<p>El FS31 consta de dos partes principales:<\/p>\n<p>FS31 M\u00f3dulo de env\u00edo<br \/>\nEl m\u00f3dulo emisor se encarga de la transmisi\u00f3n inal\u00e1mbrica de datos y del control del sistema.<\/p>\n<ul>\n<li>Conectividad inal\u00e1mbrica mediante NB-IoT y LTE-M, con retorno autom\u00e1tico a 2G<\/li>\n<li>Tarjeta SIM incluida<\/li>\n<li>Con apoyo en m\u00e1s de 140 pa\u00edses<\/li>\n<li>Medici\u00f3n de la temperatura del aire a 10 cm por encima del nivel del suelo<\/li>\n<li>Medici\u00f3n de la humedad del aire a 10 cm por encima del nivel del suelo<\/li>\n<li>Bater\u00eda recargable<\/li>\n<li>Dise\u00f1o de bajo consumo: hasta 1 a\u00f1o de duraci\u00f3n de la bater\u00eda con mediciones cada hora e intervalos de env\u00edo predeterminados<\/li>\n<li>USB-C recargable<\/li>\n<li>Conector modular para admitir futuras ampliaciones (como carga solar o m\u00f3dulos de medici\u00f3n adicionales)<\/li>\n<li>Configuraci\u00f3n remota de los intervalos de medici\u00f3n y env\u00edo de datos a trav\u00e9s del cuadro de mandos del Farm21<\/li>\n<\/ul>\n<p>Sonda multiprofundidad de humedad y temperatura del suelo (incluida)<br \/>\nLa sonda incluida mide las condiciones del suelo a m\u00faltiples profundidades con gran precisi\u00f3n:<\/p>\n<ul>\n<li>Detecci\u00f3n capacitiva de la humedad del suelo en:\n<ul>\n<li>0-10 cm<\/li>\n<li>10-20 cm<\/li>\n<li>20-30 cm<\/li>\n<\/ul>\n<\/li>\n<li>Curvas de calibraci\u00f3n de gran precisi\u00f3n para distintos tipos de suelo<\/li>\n<li>Medici\u00f3n de la temperatura del suelo en:\n<ul>\n<li>-10 cm<\/li>\n<li>-20 cm<\/li>\n<\/ul>\n<\/li>\n<\/ul>\n<p>Plataforma y licencia<br \/>\nEl FS31 necesita la plataforma de agricultura de precisi\u00f3n Farm21 para funcionar.<\/p>\n<p>El coste anual de la licencia es de <strong>89 euros por sensor<\/strong>que incluye:<\/p>\n<ul>\n<li>Conectividad m\u00f3vil (SIM incluida)<\/li>\n<li>Almacenamiento seguro de datos<\/li>\n<li>Acceso a la plataforma Farm21<\/li>\n<li>Im\u00e1genes por sat\u00e9lite gratuitas<\/li>\n<li>Herramientas de exploraci\u00f3n del terreno<\/li>\n<li>Datos meteorol\u00f3gicos p\u00fablicos<\/li>\n<li>Configuraci\u00f3n y asistencia remotas<\/li>\n<\/ul>\n<p>Al combinar los datos de los sensores, las im\u00e1genes por sat\u00e9lite y la informaci\u00f3n meteorol\u00f3gica en una sola plataforma, el FS31 proporciona una potente base para la optimizaci\u00f3n del riego y la gesti\u00f3n de precisi\u00f3n de los cultivos.<\/p>","protected":false},"excerpt":{"rendered":"<div class=\"flex flex-col text-sm pb-25\">\n<article class=\"text-token-text-primary w-full focus:outline-none [--shadow-height:45px] has-data-writing-block:pointer-events-none has-data-writing-block:-mt-(--shadow-height) has-data-writing-block:pt-(--shadow-height) [&amp;:has([data-writing-block])&gt;*]:pointer-events-auto scroll-mt-[calc(var(--header-height)+min(200px,max(70px,20svh)))]\" dir=\"auto\" tabindex=\"-1\" data-turn-id=\"request-68665909-8d28-8000-9dc6-6c012a2760a9-6\" data-testid=\"conversation-turn-422\" data-scroll-anchor=\"true\" data-turn=\"assistant\">\n<div class=\"text-base my-auto mx-auto pb-10 [--thread-content-margin:--spacing(4)] @w-sm\/main:[--thread-content-margin:--spacing(6)] @w-lg\/main:[--thread-content-margin:--spacing(16)] px-(--thread-content-margin)\">\n<div class=\"[--thread-content-max-width:40rem] @w-lg\/main:[--thread-content-max-width:48rem] mx-auto max-w-(--thread-content-max-width) flex-1 group\/turn-messages focus-visible:outline-hidden relative flex w-full min-w-0 flex-col agent-turn\" tabindex=\"-1\">\n<div class=\"flex max-w-full flex-col grow\">\n<div class=\"min-h-8 text-message relative flex w-full flex-col items-end gap-2 text-start break-words whitespace-normal [.text-message+&amp;]:mt-1\" dir=\"auto\" data-message-author-role=\"assistant\" data-message-id=\"7672c41d-835c-4294-9440-ebe65297b194\" data-message-model-slug=\"gpt-5-2\">\n<div class=\"flex w-full flex-col gap-1 empty:hidden first:pt-[1px]\">\n<div class=\"markdown prose dark:prose-invert w-full break-words dark markdown-new-styling\">\n<p>El FS31 es un sensor de campo todo en uno que mide la humedad y la temperatura del suelo a m\u00faltiples profundidades, as\u00ed como la temperatura y la humedad del aire. Transmite datos de forma inal\u00e1mbrica a trav\u00e9s de NB-IoT, LTE-M y 2G fallback, con SIM incluida, y se puede configurar a distancia a trav\u00e9s de la plataforma Farm21.<\/p>\n<p>El sensor incluye una sonda de suelo de m\u00faltiples profundidades (0-10, 10-20 y 20-30 cm para la humedad, y -10 y -20 cm para la temperatura) y utiliza curvas de calibraci\u00f3n espec\u00edficas del suelo de gran precisi\u00f3n.<\/p>\n<p>El FS31 requiere la plataforma de agricultura de precisi\u00f3n Farm21 para funcionar. La licencia anual cuesta 89 euros por sensor, e incluye conectividad, acceso a la plataforma, im\u00e1genes por sat\u00e9lite, herramientas de exploraci\u00f3n y datos meteorol\u00f3gicos.<\/p>\n<\/div>\n<\/div>\n<\/div>\n<\/div>\n<\/div>\n<\/div>\n<\/article>\n<\/div>","protected":false},"featured_media":7364,"template":"","meta":{"content-type":"","inline_featured_image":false,"_kad_blocks_custom_css":"","_kad_blocks_head_custom_js":"","_kad_blocks_body_custom_js":"","_kad_blocks_footer_custom_js":"","_kadence_starter_templates_imported_post":false,"_kad_post_transparent":"default","_kad_post_title":"","_kad_post_layout":"default","_kad_post_sidebar_id":"","_kad_post_content_style":"default","_kad_post_vertical_padding":"default","_kad_post_feature":"","_kad_post_feature_position":"","_kad_post_header":false,"_kad_post_footer":false,"_kad_post_classname":""},"product_brand":[],"product_cat":[33,25],"product_tag":[29,28,26,27],"class_list":{"0":"post-1120","1":"product","2":"type-product","3":"status-publish","4":"has-post-thumbnail","6":"product_cat-installation-tool","7":"product_cat-sensors","8":"product_tag-air-humidity","9":"product_tag-air-temperature","10":"product_tag-soil-moisture","11":"product_tag-soil-temperature","13":"first","14":"outofstock","15":"featured","16":"taxable","17":"shipping-taxable","18":"purchasable","19":"product-type-simple","20":"entry","21":"content-bg","22":"loop-entry"},"taxonomy_info":{"product_cat":[{"value":33,"label":"Installation tool"},{"value":25,"label":"Sensors"}],"product_tag":[{"value":29,"label":"air humidity"},{"value":28,"label":"air temperature"},{"value":26,"label":"soil moisture"},{"value":27,"label":"soil temperature"}]},"featured_image_src_large":["https:\/\/www.farm21.com\/wp-content\/uploads\/2022\/08\/FS31-stand-alone_bg-412x1024.jpg",412,1024,true],"author_info":[],"comment_info":"","jetpack_sharing_enabled":true,"acf":[],"_links":{"self":[{"href":"https:\/\/www.farm21.com\/es\/wp-json\/wp\/v2\/product\/1120","targetHints":{"allow":["GET"]}}],"collection":[{"href":"https:\/\/www.farm21.com\/es\/wp-json\/wp\/v2\/product"}],"about":[{"href":"https:\/\/www.farm21.com\/es\/wp-json\/wp\/v2\/types\/product"}],"wp:featuredmedia":[{"embeddable":true,"href":"https:\/\/www.farm21.com\/es\/wp-json\/wp\/v2\/media\/7364"}],"wp:attachment":[{"href":"https:\/\/www.farm21.com\/es\/wp-json\/wp\/v2\/media?parent=1120"}],"wp:term":[{"taxonomy":"product_brand","embeddable":true,"href":"https:\/\/www.farm21.com\/es\/wp-json\/wp\/v2\/product_brand?post=1120"},{"taxonomy":"product_cat","embeddable":true,"href":"https:\/\/www.farm21.com\/es\/wp-json\/wp\/v2\/product_cat?post=1120"},{"taxonomy":"product_tag","embeddable":true,"href":"https:\/\/www.farm21.com\/es\/wp-json\/wp\/v2\/product_tag?post=1120"}],"curies":[{"name":"wp","href":"https:\/\/api.w.org\/{rel}","templated":true}]}}