{"id":1120,"date":"2022-08-28T13:18:52","date_gmt":"2022-08-28T13:18:52","guid":{"rendered":"https:\/\/new3.farm21.com\/product\/hoodie-with-logo\/"},"modified":"2026-03-02T12:20:20","modified_gmt":"2026-03-02T12:20:20","slug":"fs31-field-sensor","status":"publish","type":"product","link":"https:\/\/www.farm21.com\/de\/produkt\/fs21-bodenfeuchtigkeit\/","title":{"rendered":"FS31 Bodenfeuchte, Boden-\/Lufttemperatur, Luftfeuchtigkeitssensor (NB-IoT\/LTE-M\/2G)"},"content":{"rendered":"<p>Der FS31 Feldsensor ist eine kompakte und erschwingliche Mikro-Wetterstation f\u00fcr Landwirte, Anbauberater und Forscher, die einen zuverl\u00e4ssigen Echtzeit-Einblick in die Boden- und Klimabedingungen erhalten m\u00f6chten. Er kombiniert ein leistungsstarkes Sendemodul mit einer Multitiefensonde und liefert hochwertige Daten direkt in die Precision Farming Plattform Farm21.<\/p>\n<p>Der FS31 besteht aus zwei Hauptteilen:<\/p>\n<p>FS31 Sendemodul<br \/>\nDas Sendemodul ist f\u00fcr die drahtlose Daten\u00fcbertragung und die Systemsteuerung zust\u00e4ndig.<\/p>\n<ul>\n<li>Drahtlose Konnektivit\u00e4t \u00fcber NB-IoT und LTE-M, mit automatischem 2G-Fallback<\/li>\n<li>Inklusive SIM-Karte<\/li>\n<li>Unterst\u00fctzt in mehr als 140 L\u00e4ndern<\/li>\n<li>Messung der Lufttemperatur in 10 cm H\u00f6he \u00fcber dem Boden<\/li>\n<li>Messung der Luftfeuchtigkeit in 10 cm H\u00f6he \u00fcber dem Boden<\/li>\n<li>Wiederaufladbare Batterie<\/li>\n<li>Energiesparendes Design: bis zu 1 Jahr Batterielebensdauer bei st\u00fcndlichen Messungen und standardm\u00e4\u00dfigen Sendeintervallen<\/li>\n<li>USB-C wiederaufladbar<\/li>\n<li>Modularer Anschluss zur Unterst\u00fctzung zuk\u00fcnftiger Erweiterungen (z. B. Solarladung oder zus\u00e4tzliche Messmodule)<\/li>\n<li>Fernkonfiguration der Mess- und Datensendeintervalle \u00fcber das Farm21 Dashboard<\/li>\n<\/ul>\n<p>Bodenfeuchtigkeits- und Bodentemperatursonde mit mehreren Tiefen (im Lieferumfang enthalten)<br \/>\nDie mitgelieferte Sonde misst den Bodenzustand in verschiedenen Tiefen mit hoher Pr\u00e4zision:<\/p>\n<ul>\n<li>Kapazitive Bodenfeuchtemessung bei:\n<ul>\n<li>0-10 cm<\/li>\n<li>10-20 cm<\/li>\n<li>20-30 cm<\/li>\n<\/ul>\n<\/li>\n<li>Hochgenaue Kalibrierungskurven f\u00fcr verschiedene Bodentypen<\/li>\n<li>Messung der Bodentemperatur bei:\n<ul>\n<li>-10 cm<\/li>\n<li>-20 cm<\/li>\n<\/ul>\n<\/li>\n<\/ul>\n<p>Plattform &amp; Lizenz<br \/>\nF\u00fcr den Betrieb des FS31 ist die Precision Farming Plattform Farm21 erforderlich.<\/p>\n<p>Die j\u00e4hrlichen Lizenzkosten betragen <strong>89 \u20ac pro Sensor<\/strong>Dazu geh\u00f6ren:<\/p>\n<ul>\n<li>Mobile Konnektivit\u00e4t (inklusive SIM)<\/li>\n<li>Sichere Datenspeicherung<\/li>\n<li>Zugang zur Farm21-Plattform<\/li>\n<li>Kostenlose Satellitenbilder<\/li>\n<li>Tools f\u00fcr die Feldbegehung<\/li>\n<li>\u00d6ffentliche Wetterdaten<\/li>\n<li>Fernkonfiguration und -unterst\u00fctzung<\/li>\n<\/ul>\n<p>Durch die Kombination von Sensordaten, Satellitenbildern und Wetterinformationen in einer Plattform bietet der FS31 eine leistungsstarke Grundlage f\u00fcr die Bew\u00e4sserungsoptimierung und das Pr\u00e4zisionskulturmanagement.<\/p>","protected":false},"excerpt":{"rendered":"<div class=\"flex flex-col text-sm pb-25\">\n<article class=\"text-token-text-primary w-full focus:outline-none [--shadow-height:45px] has-data-writing-block:pointer-events-none has-data-writing-block:-mt-(--shadow-height) has-data-writing-block:pt-(--shadow-height) [&amp;:has([data-writing-block])&gt;*]:pointer-events-auto scroll-mt-[calc(var(--header-height)+min(200px,max(70px,20svh)))]\" dir=\"auto\" tabindex=\"-1\" data-turn-id=\"request-68665909-8d28-8000-9dc6-6c012a2760a9-6\" data-testid=\"conversation-turn-422\" data-scroll-anchor=\"true\" data-turn=\"assistant\">\n<div class=\"text-base my-auto mx-auto pb-10 [--thread-content-margin:--spacing(4)] @w-sm\/main:[--thread-content-margin:--spacing(6)] @w-lg\/main:[--thread-content-margin:--spacing(16)] px-(--thread-content-margin)\">\n<div class=\"[--thread-content-max-width:40rem] @w-lg\/main:[--thread-content-max-width:48rem] mx-auto max-w-(--thread-content-max-width) flex-1 group\/turn-messages focus-visible:outline-hidden relative flex w-full min-w-0 flex-col agent-turn\" tabindex=\"-1\">\n<div class=\"flex max-w-full flex-col grow\">\n<div class=\"min-h-8 text-message relative flex w-full flex-col items-end gap-2 text-start break-words whitespace-normal [.text-message+&amp;]:mt-1\" dir=\"auto\" data-message-author-role=\"assistant\" data-message-id=\"7672c41d-835c-4294-9440-ebe65297b194\" data-message-model-slug=\"gpt-5-2\">\n<div class=\"flex w-full flex-col gap-1 empty:hidden first:pt-[1px]\">\n<div class=\"markdown prose dark:prose-invert w-full break-words dark markdown-new-styling\">\n<p>Der FS31 ist ein All-in-One-Feldsensor, der Bodenfeuchtigkeit und Bodentemperatur in verschiedenen Tiefen sowie Lufttemperatur und Luftfeuchtigkeit misst. Er \u00fcbertr\u00e4gt die Daten drahtlos \u00fcber NB-IoT, LTE-M und 2G-Fallback, inklusive SIM-Karte, und kann \u00fcber die Farm21-Plattform aus der Ferne konfiguriert werden.<\/p>\n<p>Der Sensor umfasst eine Bodensonde mit mehreren Tiefen (0-10, 10-20 und 20-30 cm f\u00fcr Feuchtigkeit und -10 und -20 cm f\u00fcr Temperatur) und verwendet hochpr\u00e4zise bodenspezifische Kalibrierungskurven.<\/p>\n<p>F\u00fcr den Betrieb von FS31 ist die Farm21-Plattform f\u00fcr Pr\u00e4zisionslandwirtschaft erforderlich. Die j\u00e4hrliche Lizenz kostet 89 \u20ac pro Sensor und beinhaltet Konnektivit\u00e4t, Plattformzugang, Satellitenbilder, Scouting-Tools und Wetterdaten.<\/p>\n<\/div>\n<\/div>\n<\/div>\n<\/div>\n<\/div>\n<\/div>\n<\/article>\n<\/div>","protected":false},"featured_media":7364,"template":"","meta":{"content-type":"","inline_featured_image":false,"_kad_blocks_custom_css":"","_kad_blocks_head_custom_js":"","_kad_blocks_body_custom_js":"","_kad_blocks_footer_custom_js":"","_kadence_starter_templates_imported_post":false,"_kad_post_transparent":"default","_kad_post_title":"","_kad_post_layout":"default","_kad_post_sidebar_id":"","_kad_post_content_style":"default","_kad_post_vertical_padding":"default","_kad_post_feature":"","_kad_post_feature_position":"","_kad_post_header":false,"_kad_post_footer":false,"_kad_post_classname":""},"product_brand":[],"product_cat":[33,25],"product_tag":[29,28,26,27],"class_list":{"0":"post-1120","1":"product","2":"type-product","3":"status-publish","4":"has-post-thumbnail","6":"product_cat-installation-tool","7":"product_cat-sensors","8":"product_tag-air-humidity","9":"product_tag-air-temperature","10":"product_tag-soil-moisture","11":"product_tag-soil-temperature","13":"first","14":"outofstock","15":"featured","16":"taxable","17":"shipping-taxable","18":"purchasable","19":"product-type-simple","20":"entry","21":"content-bg","22":"loop-entry"},"taxonomy_info":{"product_cat":[{"value":33,"label":"Installation tool"},{"value":25,"label":"Sensors"}],"product_tag":[{"value":29,"label":"air humidity"},{"value":28,"label":"air temperature"},{"value":26,"label":"soil moisture"},{"value":27,"label":"soil temperature"}]},"featured_image_src_large":["https:\/\/www.farm21.com\/wp-content\/uploads\/2022\/08\/FS31-stand-alone_bg-412x1024.jpg",412,1024,true],"author_info":[],"comment_info":"","jetpack_sharing_enabled":true,"acf":[],"_links":{"self":[{"href":"https:\/\/www.farm21.com\/de\/wp-json\/wp\/v2\/product\/1120","targetHints":{"allow":["GET"]}}],"collection":[{"href":"https:\/\/www.farm21.com\/de\/wp-json\/wp\/v2\/product"}],"about":[{"href":"https:\/\/www.farm21.com\/de\/wp-json\/wp\/v2\/types\/product"}],"wp:featuredmedia":[{"embeddable":true,"href":"https:\/\/www.farm21.com\/de\/wp-json\/wp\/v2\/media\/7364"}],"wp:attachment":[{"href":"https:\/\/www.farm21.com\/de\/wp-json\/wp\/v2\/media?parent=1120"}],"wp:term":[{"taxonomy":"product_brand","embeddable":true,"href":"https:\/\/www.farm21.com\/de\/wp-json\/wp\/v2\/product_brand?post=1120"},{"taxonomy":"product_cat","embeddable":true,"href":"https:\/\/www.farm21.com\/de\/wp-json\/wp\/v2\/product_cat?post=1120"},{"taxonomy":"product_tag","embeddable":true,"href":"https:\/\/www.farm21.com\/de\/wp-json\/wp\/v2\/product_tag?post=1120"}],"curies":[{"name":"wp","href":"https:\/\/api.w.org\/{rel}","templated":true}]}}